{"id":81,"date":"2016-10-07T08:50:30","date_gmt":"2016-10-07T08:50:30","guid":{"rendered":"http:\/\/simili-cuivres.fr\/wp\/?page_id=81"},"modified":"2026-02-26T19:18:14","modified_gmt":"2026-02-26T18:18:14","slug":"contact-fanfare-brest-simili-cuivres","status":"publish","type":"page","link":"https:\/\/simili-cuivres.fr\/wp\/contact-fanfare-brest-simili-cuivres\/","title":{"rendered":"Nous contacter"},"content":{"rendered":"<p>Vous cherchez un contact d&rsquo;une fanfare pour animer une festivit\u00e9 sur Brest ou alentours, voire m\u00eame plus loin ?<\/p>\n<p>Vous avez fait des photos, vid\u00e9os d&rsquo;une de nos prestations et souhaitez nous les partager ?<\/p>\n<p>Vous souhaitez nous rejoindre pour partager la bonne humeur, les pou\u00ebts et les couacs ?\u00a0<\/p>\n<p>Vous \u00eates au bon endroit ! Vous pouvez nous \u00e9crire \u00e0 l&rsquo;adresse suivante, nous appeler ou remplir le formulaire ci-dessous. A bient\u00f4t !<\/p>\n<p style=\"text-align: center;\"><a href=\"mailto:contact@simili-cuivres.fr\"><strong>contact@simili-cuivres.fr<\/strong><\/a><\/p>\n<h5 style=\"text-align: center;\"><strong>07.50.26.29.23<\/strong><\/h5>\n<div class=\"caldera-grid\" id=\"caldera_form_1\" data-cf-ver=\"1.9.6\" data-cf-form-id=\"CF5e4c1bc1c45e3\"><div id=\"caldera_notices_1\" data-spinner=\"https:\/\/simili-cuivres.fr\/wp\/wp-admin\/images\/spinner.gif\"><\/div><form data-instance=\"1\" class=\"CF5e4c1bc1c45e3 caldera_forms_form cfajax-trigger\" method=\"POST\" enctype=\"multipart\/form-data\" id=\"CF5e4c1bc1c45e3_1\" data-form-id=\"CF5e4c1bc1c45e3\" aria-label=\"Contactez-nous !\" data-target=\"#caldera_notices_1\" data-template=\"#cfajax_CF5e4c1bc1c45e3-tmpl\" data-cfajax=\"CF5e4c1bc1c45e3\" data-load-element=\"_parent\" data-load-class=\"cf_processing\" data-post-disable=\"0\" data-action=\"cf_process_ajax_submit\" data-request=\"https:\/\/simili-cuivres.fr\/wp\/cf-api\/CF5e4c1bc1c45e3\" data-hiderows=\"true\">\r\n<input type=\"hidden\" id=\"_cf_verify_CF5e4c1bc1c45e3\" name=\"_cf_verify\" value=\"93a012cd25\"  data-nonce-time=\"1778857542\" \/><input type=\"hidden\" name=\"_wp_http_referer\" value=\"\/wp\/wp-json\/wp\/v2\/pages\/81\" \/><div id=\"cf2-CF5e4c1bc1c45e3_1\"><\/div><input type=\"hidden\" name=\"_cf_frm_id\" value=\"CF5e4c1bc1c45e3\">\r\n<input type=\"hidden\" name=\"_cf_frm_ct\" value=\"1\">\r\n<input type=\"hidden\" name=\"cfajax\" value=\"CF5e4c1bc1c45e3\">\r\n<input type=\"hidden\" name=\"_cf_cr_pst\" value=\"81\">\r\n<div class=\"hide\" style=\"display:none; overflow:hidden;height:0;width:0;\">\r\n<label>Order Number<\/label><input type=\"text\" name=\"order_number\" value=\"\" autocomplete=\"off\">\r\n<\/div><div id=\"CF5e4c1bc1c45e3_1-row-1\"  class=\"row  first_row\"><div  class=\"col-sm-12  single\"><div data-field-wrapper=\"fld_4386742\" class=\"form-group\" id=\"fld_4386742_1-wrap\">\r\n\t<label id=\"fld_4386742Label\" for=\"fld_4386742_1\" class=\"control-label\">Nom Pr\u00e9nom <span aria-hidden=\"true\" role=\"presentation\" class=\"field_required\" style=\"color:#ee0000;\">*<\/span><\/label>\r\n\t<div class=\"\">\r\n\t\t<input   required type=\"text\" data-field=\"fld_4386742\" class=\" form-control\" id=\"fld_4386742_1\" name=\"fld_4386742\" value=\"\" data-type=\"text\" aria-required=\"true\"   aria-labelledby=\"fld_4386742Label\" >\t\t\t<\/div>\r\n<\/div>\r\n<\/div><\/div><div id=\"CF5e4c1bc1c45e3_1-row-2\"  class=\"row \"><div  class=\"col-sm-12  single\"><div data-field-wrapper=\"fld_5468264\" class=\"form-group\" id=\"fld_5468264_1-wrap\">\r\n\t<label id=\"fld_5468264Label\" for=\"fld_5468264_1\" class=\"control-label\">Email <span aria-hidden=\"true\" role=\"presentation\" class=\"field_required\" style=\"color:#ee0000;\">*<\/span><\/label>\r\n\t<div class=\"\">\r\n\t\t<input   required type=\"email\" data-field=\"fld_5468264\" class=\" form-control\" id=\"fld_5468264_1\" name=\"fld_5468264\" value=\"\" data-type=\"email\" aria-required=\"true\"   aria-labelledby=\"fld_5468264Label\" >\t\t\t<\/div>\r\n<\/div>\r\n<\/div><\/div><div id=\"CF5e4c1bc1c45e3_1-row-3\"  class=\"row \"><div  class=\"col-sm-12  single\"><div data-field-wrapper=\"fld_854359\" class=\"form-group\" id=\"fld_854359_1-wrap\">\r\n\t<label id=\"fld_854359Label\" for=\"fld_854359_1\" class=\"control-label\">T\u00e9l\u00e9phone<\/label>\r\n\t<div class=\"\">\r\n\t\t<input  data-inputmask=\"'mask': '9999999999'\"   type=\"phone\" data-field=\"fld_854359\" class=\" form-control\" id=\"fld_854359_1\" name=\"fld_854359\" value=\"\" data-type=\"phone\"   aria-labelledby=\"fld_854359Label\" >\t\t\t<\/div>\r\n<\/div>\r\n<\/div><\/div><div id=\"CF5e4c1bc1c45e3_1-row-4\"  class=\"row \"><div  class=\"col-sm-12  single\"><div data-field-wrapper=\"fld_6925654\" class=\"form-group\" id=\"fld_6925654_1-wrap\">\r\n\t<label id=\"fld_6925654Label\" for=\"fld_6925654_1\" class=\"control-label\">Que pouvons-nous faire pour vous ? <span aria-hidden=\"true\" role=\"presentation\" class=\"field_required\" style=\"color:#ee0000;\">*<\/span><\/label>\r\n\t<div class=\"\">\r\n\t\t<textarea name=\"fld_6925654\" value=\"\" data-field=\"fld_6925654\" class=\"form-control\" id=\"fld_6925654_1\" rows=\"4\"  required=\"required\"  aria-labelledby=\"fld_6925654Label\" ><\/textarea>\n\t\t\t<\/div>\r\n<\/div>\r\n<\/div><\/div><div id=\"CF5e4c1bc1c45e3_1-row-5\"  class=\"row \"><div  class=\"col-sm-12  single\"><div data-field-wrapper=\"fld_8910314\" class=\"form-group\" id=\"fld_8910314_1-wrap\">\r\n<label id=\"fld_8910314Label\" for=\"fld_8910314_1\" class=\"control-label\">\u00cates-vous un ordinateur ? <span aria-hidden=\"true\" role=\"presentation\" class=\"field_required\" style=\"color:#ee0000;\">*<\/span><\/label>\r\n\n\n<div class=\"\">\r\n\n<input   required type=\"hidden\" data-field=\"fld_8910314\" class=\" form-control\" id=\"fld_8910314_1\" name=\"fld_8910314\" value=\"\" data-type=\"recaptcha\" aria-required=\"true\"   aria-labelledby=\"fld_8910314Label\" >\n\t<div id=\"capfld_8910314_1\" class=\"g-recaptcha\" data-sitekey=\"6Lf8DdoUAAAAAJM4vGraw_bUdC_NNQfVtvi1sIBy\" ><\/div>\n\n\n<\/div>\r\n\n<\/div>\r\n<\/div><\/div><div id=\"CF5e4c1bc1c45e3_1-row-6\"  class=\"row  last_row\"><div  class=\"col-sm-12  single\"><div data-field-wrapper=\"fld_4562256\" class=\"form-group\" id=\"fld_4562256_1-wrap\">\r\n<div class=\"\">\r\n\t<input  class=\"btn btn-default\" type=\"submit\" name=\"fld_4562256\" id=\"fld_4562256_1\" value=\"Envoyer le formulaire\" data-field=\"fld_4562256\"  >\n<\/div>\r\n<\/div>\r\n\t<input class=\"button_trigger_1\" type=\"hidden\" name=\"fld_4562256\" id=\"fld_4562256_1_btn\" value=\"\" data-field=\"fld_4562256\"  \/>\n<\/div><\/div><\/form>\r\n<\/div>\r\n\n<p><span style=\"border-radius: 2px; text-indent: 20px; width: auto; padding: 0px 4px 0px 0px; text-align: center; font: bold 11px\/20px 'Helvetica Neue',Helvetica,sans-serif; color: #ffffff; background: #bd081c no-repeat scroll 3px 50% \/ 14px 14px; position: absolute; opacity: 1; z-index: 8675309; display: none; cursor: pointer;\">Enregistrer<\/span><\/p>\n<p><span style=\"border-radius: 2px; text-indent: 20px; width: auto; padding: 0px 4px 0px 0px; text-align: center; font: bold 11px\/20px 'Helvetica Neue',Helvetica,sans-serif; color: #ffffff; background: #bd081c no-repeat scroll 3px 50% \/ 14px 14px; position: absolute; opacity: 1; z-index: 8675309; display: none; cursor: pointer; top: 105px; left: 203px;\">Enregistrer<\/span><\/p>\n<p><span style=\"border-radius: 2px; text-indent: 20px; width: auto; padding: 0px 4px 0px 0px; text-align: center; font: bold 11px\/20px 'Helvetica Neue',Helvetica,sans-serif; color: #ffffff; background: #bd081c no-repeat scroll 3px 50% \/ 14px 14px; position: absolute; opacity: 1; z-index: 8675309; display: none; cursor: pointer; top: 360px; left: 203px;\">Enregistrer<\/span><\/p>\n<p><span style=\"border-radius: 2px; text-indent: 20px; width: auto; padding: 0px 4px 0px 0px; text-align: center; font: bold 11px\/20px 'Helvetica Neue',Helvetica,sans-serif; color: #ffffff; background: #bd081c no-repeat scroll 3px 50% \/ 14px 14px; position: absolute; opacity: 1; z-index: 8675309; display: none; cursor: pointer; top: 352px; left: 203px;\">Enregistrer<\/span><\/p>\n\n\n<p class=\"has-text-align-center\">Envie d&rsquo;en savoir plus sur la <a href=\"https:\/\/simili-cuivres.fr\/\">fanfare Simili-Cuivres<\/a> ?<\/p>\n\n\n\n<p class=\"has-text-align-center\">  Retrouvez-vous nous donc sur les r\u00e9seaux   <\/p>\n\n\n<div class=\"wp-block-image\">\n<figure class=\"aligncenter size-full is-resized\"><a href=\"https:\/\/www.facebook.com\/similicuivres\/\" target=\"_blank\" rel=\"noreferrer noopener\"><img data-recalc-dims=\"1\" fetchpriority=\"high\" decoding=\"async\" width=\"960\" height=\"960\" src=\"https:\/\/i0.wp.com\/simili-cuivres.fr\/wp\/wp-content\/uploads\/2025\/06\/Facebook_logo.png?resize=960%2C960&#038;ssl=1\" alt=\"\" class=\"wp-image-2519\" style=\"width:125px;height:125px\" srcset=\"https:\/\/i0.wp.com\/simili-cuivres.fr\/wp\/wp-content\/uploads\/2025\/06\/Facebook_logo.png?w=960&amp;ssl=1 960w, https:\/\/i0.wp.com\/simili-cuivres.fr\/wp\/wp-content\/uploads\/2025\/06\/Facebook_logo.png?resize=300%2C300&amp;ssl=1 300w, https:\/\/i0.wp.com\/simili-cuivres.fr\/wp\/wp-content\/uploads\/2025\/06\/Facebook_logo.png?resize=150%2C150&amp;ssl=1 150w, https:\/\/i0.wp.com\/simili-cuivres.fr\/wp\/wp-content\/uploads\/2025\/06\/Facebook_logo.png?resize=768%2C768&amp;ssl=1 768w, https:\/\/i0.wp.com\/simili-cuivres.fr\/wp\/wp-content\/uploads\/2025\/06\/Facebook_logo.png?resize=75%2C75&amp;ssl=1 75w\" sizes=\"(max-width: 960px) 100vw, 960px\" \/><\/a><\/figure>\n<\/div>\n\n<div class=\"wp-block-image\">\n<figure class=\"aligncenter size-full is-resized\"><a href=\"https:\/\/www.instagram.com\/fanfaresimilicuivres\/\"><img data-recalc-dims=\"1\" decoding=\"async\" width=\"220\" height=\"220\" src=\"https:\/\/i0.wp.com\/simili-cuivres.fr\/wp\/wp-content\/uploads\/2023\/01\/Instagram_logo_2022.svg_.png?resize=220%2C220&#038;ssl=1\" alt=\"instagram fanfare Brest  contact\" class=\"wp-image-2042\" style=\"width:113px;height:113px\" srcset=\"https:\/\/i0.wp.com\/simili-cuivres.fr\/wp\/wp-content\/uploads\/2023\/01\/Instagram_logo_2022.svg_.png?w=220&amp;ssl=1 220w, https:\/\/i0.wp.com\/simili-cuivres.fr\/wp\/wp-content\/uploads\/2023\/01\/Instagram_logo_2022.svg_.png?resize=150%2C150&amp;ssl=1 150w, https:\/\/i0.wp.com\/simili-cuivres.fr\/wp\/wp-content\/uploads\/2023\/01\/Instagram_logo_2022.svg_.png?resize=75%2C75&amp;ssl=1 75w\" sizes=\"(max-width: 220px) 100vw, 220px\" \/><\/a><\/figure>\n<\/div>\n\n<div class=\"wp-block-image\">\n<figure class=\"aligncenter size-large is-resized\"><a href=\"https:\/\/www.youtube.com\/channel\/UCCb8tbEsPQdxg99QktXFPgQ\" target=\"_blank\" rel=\"noreferrer noopener\"><img data-recalc-dims=\"1\" decoding=\"async\" width=\"960\" height=\"413\" src=\"https:\/\/i0.wp.com\/simili-cuivres.fr\/wp\/wp-content\/uploads\/2026\/02\/Youtuve-logo_3.png?resize=960%2C413&#038;ssl=1\" alt=\"\" class=\"wp-image-2767\" style=\"aspect-ratio:2.2900763358778624;width:208px;height:auto\" srcset=\"https:\/\/i0.wp.com\/simili-cuivres.fr\/wp\/wp-content\/uploads\/2026\/02\/Youtuve-logo_3.png?resize=1024%2C441&amp;ssl=1 1024w, https:\/\/i0.wp.com\/simili-cuivres.fr\/wp\/wp-content\/uploads\/2026\/02\/Youtuve-logo_3.png?resize=300%2C129&amp;ssl=1 300w, https:\/\/i0.wp.com\/simili-cuivres.fr\/wp\/wp-content\/uploads\/2026\/02\/Youtuve-logo_3.png?resize=768%2C330&amp;ssl=1 768w, https:\/\/i0.wp.com\/simili-cuivres.fr\/wp\/wp-content\/uploads\/2026\/02\/Youtuve-logo_3.png?resize=1140%2C490&amp;ssl=1 1140w, https:\/\/i0.wp.com\/simili-cuivres.fr\/wp\/wp-content\/uploads\/2026\/02\/Youtuve-logo_3.png?w=1225&amp;ssl=1 1225w\" sizes=\"(max-width: 960px) 100vw, 960px\" \/><\/a><\/figure>\n<\/div>","protected":false},"excerpt":{"rendered":"<p>Vous cherchez un contact d&rsquo;une fanfare pour animer une festivit\u00e9 sur Brest ou alentours, voire m\u00eame plus loin ? Vous avez fait des photos, vid\u00e9os d&rsquo;une de nos prestations et souhaitez nous les partager ? Vous souhaitez nous rejoindre pour partager la bonne humeur, les pou\u00ebts et les couacs ?\u00a0 Vous \u00eates au bon endroit ! Vous pouvez nous \u00e9crire \u00e0 l&rsquo;adresse suivante, nous appeler ou remplir le formulaire ci-dessous. A bient\u00f4t ! contact@simili-cuivres.fr 07.50.26.29.23 Enregistrer Enregistrer Enregistrer Enregistrer Envie d&rsquo;en savoir plus sur la fanfare Simili-Cuivres ? Retrouvez-vous nous donc sur les r\u00e9seaux<\/p>\n","protected":false},"author":1,"featured_media":0,"parent":0,"menu_order":5,"comment_status":"closed","ping_status":"closed","template":"","meta":{"_bbp_topic_count":0,"_bbp_reply_count":0,"_bbp_total_topic_count":0,"_bbp_total_reply_count":0,"_bbp_voice_count":0,"_bbp_anonymous_reply_count":0,"_bbp_topic_count_hidden":0,"_bbp_reply_count_hidden":0,"_bbp_forum_subforum_count":0,"footnotes":""},"class_list":["post-81","page","type-page","status-publish","hentry"],"yoast_head":"<!-- This site is optimized with the Yoast SEO plugin v27.6 - https:\/\/yoast.com\/product\/yoast-seo-wordpress\/ -->\n<title>Contact Fanfare Brest | Nous contacter | Fanfare Simili-Cuivres<\/title>\n<meta name=\"description\" content=\"CONTACT FANFARE SIMILI-CUIVRES BREST par mail contact@simili-cuivres.fr ou contact t\u00e9l\u00e9phonique 07.50.26.29.23 formulaire de contact \u00e0 remplir\" \/>\n<meta name=\"robots\" content=\"index, follow, max-snippet:-1, max-image-preview:large, max-video-preview:-1\" \/>\n<link rel=\"canonical\" href=\"https:\/\/simili-cuivres.fr\/wp\/contact-fanfare-brest-simili-cuivres\/\" \/>\n<meta property=\"og:locale\" content=\"fr_FR\" \/>\n<meta property=\"og:type\" content=\"article\" \/>\n<meta property=\"og:title\" content=\"Contact Fanfare Brest | Nous contacter | Fanfare Simili-Cuivres\" \/>\n<meta property=\"og:description\" content=\"CONTACT FANFARE SIMILI-CUIVRES BREST par mail contact@simili-cuivres.fr ou contact t\u00e9l\u00e9phonique 07.50.26.29.23 formulaire de contact \u00e0 remplir\" \/>\n<meta property=\"og:url\" content=\"https:\/\/simili-cuivres.fr\/wp\/contact-fanfare-brest-simili-cuivres\/\" \/>\n<meta property=\"og:site_name\" content=\"Fanfare Simili-Cuivres\" \/>\n<meta property=\"article:publisher\" content=\"https:\/\/www.facebook.com\/similicuivres\/\" \/>\n<meta property=\"article:modified_time\" content=\"2026-02-26T18:18:14+00:00\" \/>\n<meta property=\"og:image\" content=\"https:\/\/simili-cuivres.fr\/wp\/wp-content\/uploads\/2025\/06\/Facebook_logo.png\" \/>\n<meta name=\"twitter:card\" content=\"summary_large_image\" \/>\n<meta name=\"twitter:label1\" content=\"Dur\u00e9e de lecture estim\u00e9e\" \/>\n\t<meta name=\"twitter:data1\" content=\"2 minutes\" \/>\n<script type=\"application\/ld+json\" class=\"yoast-schema-graph\">{\"@context\":\"https:\\\/\\\/schema.org\",\"@graph\":[{\"@type\":\"WebPage\",\"@id\":\"https:\\\/\\\/simili-cuivres.fr\\\/wp\\\/contact-fanfare-brest-simili-cuivres\\\/\",\"url\":\"https:\\\/\\\/simili-cuivres.fr\\\/wp\\\/contact-fanfare-brest-simili-cuivres\\\/\",\"name\":\"Contact Fanfare Brest | Nous contacter | Fanfare Simili-Cuivres\",\"isPartOf\":{\"@id\":\"https:\\\/\\\/simili-cuivres.fr\\\/wp\\\/#website\"},\"primaryImageOfPage\":{\"@id\":\"https:\\\/\\\/simili-cuivres.fr\\\/wp\\\/contact-fanfare-brest-simili-cuivres\\\/#primaryimage\"},\"image\":{\"@id\":\"https:\\\/\\\/simili-cuivres.fr\\\/wp\\\/contact-fanfare-brest-simili-cuivres\\\/#primaryimage\"},\"thumbnailUrl\":\"https:\\\/\\\/simili-cuivres.fr\\\/wp\\\/wp-content\\\/uploads\\\/2025\\\/06\\\/Facebook_logo.png\",\"datePublished\":\"2016-10-07T08:50:30+00:00\",\"dateModified\":\"2026-02-26T18:18:14+00:00\",\"description\":\"CONTACT FANFARE SIMILI-CUIVRES BREST par mail contact@simili-cuivres.fr ou contact t\u00e9l\u00e9phonique 07.50.26.29.23 formulaire de contact \u00e0 remplir\",\"breadcrumb\":{\"@id\":\"https:\\\/\\\/simili-cuivres.fr\\\/wp\\\/contact-fanfare-brest-simili-cuivres\\\/#breadcrumb\"},\"inLanguage\":\"fr-FR\",\"potentialAction\":[{\"@type\":\"ReadAction\",\"target\":[\"https:\\\/\\\/simili-cuivres.fr\\\/wp\\\/contact-fanfare-brest-simili-cuivres\\\/\"]}]},{\"@type\":\"ImageObject\",\"inLanguage\":\"fr-FR\",\"@id\":\"https:\\\/\\\/simili-cuivres.fr\\\/wp\\\/contact-fanfare-brest-simili-cuivres\\\/#primaryimage\",\"url\":\"https:\\\/\\\/i0.wp.com\\\/simili-cuivres.fr\\\/wp\\\/wp-content\\\/uploads\\\/2025\\\/06\\\/Facebook_logo.png?fit=960%2C960&ssl=1\",\"contentUrl\":\"https:\\\/\\\/i0.wp.com\\\/simili-cuivres.fr\\\/wp\\\/wp-content\\\/uploads\\\/2025\\\/06\\\/Facebook_logo.png?fit=960%2C960&ssl=1\",\"width\":960,\"height\":960},{\"@type\":\"BreadcrumbList\",\"@id\":\"https:\\\/\\\/simili-cuivres.fr\\\/wp\\\/contact-fanfare-brest-simili-cuivres\\\/#breadcrumb\",\"itemListElement\":[{\"@type\":\"ListItem\",\"position\":1,\"name\":\"Accueil\",\"item\":\"https:\\\/\\\/simili-cuivres.fr\\\/wp\\\/\"},{\"@type\":\"ListItem\",\"position\":2,\"name\":\"Nous contacter\"}]},{\"@type\":\"WebSite\",\"@id\":\"https:\\\/\\\/simili-cuivres.fr\\\/wp\\\/#website\",\"url\":\"https:\\\/\\\/simili-cuivres.fr\\\/wp\\\/\",\"name\":\"Fanfare Simili-Cuivres\",\"description\":\"La fanfare \u00e0 l&#039;ouest !\",\"publisher\":{\"@id\":\"https:\\\/\\\/simili-cuivres.fr\\\/wp\\\/#organization\"},\"potentialAction\":[{\"@type\":\"SearchAction\",\"target\":{\"@type\":\"EntryPoint\",\"urlTemplate\":\"https:\\\/\\\/simili-cuivres.fr\\\/wp\\\/?s={search_term_string}\"},\"query-input\":{\"@type\":\"PropertyValueSpecification\",\"valueRequired\":true,\"valueName\":\"search_term_string\"}}],\"inLanguage\":\"fr-FR\"},{\"@type\":\"Organization\",\"@id\":\"https:\\\/\\\/simili-cuivres.fr\\\/wp\\\/#organization\",\"name\":\"Fanfare Simili-Cuivres\",\"url\":\"https:\\\/\\\/simili-cuivres.fr\\\/wp\\\/\",\"logo\":{\"@type\":\"ImageObject\",\"inLanguage\":\"fr-FR\",\"@id\":\"https:\\\/\\\/simili-cuivres.fr\\\/wp\\\/#\\\/schema\\\/logo\\\/image\\\/\",\"url\":\"https:\\\/\\\/i2.wp.com\\\/simili-cuivres.fr\\\/wp\\\/wp-content\\\/uploads\\\/2016\\\/09\\\/logo.png?fit=512%2C506&ssl=1\",\"contentUrl\":\"https:\\\/\\\/i2.wp.com\\\/simili-cuivres.fr\\\/wp\\\/wp-content\\\/uploads\\\/2016\\\/09\\\/logo.png?fit=512%2C506&ssl=1\",\"width\":512,\"height\":506,\"caption\":\"Fanfare Simili-Cuivres\"},\"image\":{\"@id\":\"https:\\\/\\\/simili-cuivres.fr\\\/wp\\\/#\\\/schema\\\/logo\\\/image\\\/\"},\"sameAs\":[\"https:\\\/\\\/www.facebook.com\\\/similicuivres\\\/\",\"https:\\\/\\\/www.youtube.com\\\/channel\\\/UCCb8tbEsPQdxg99QktXFPgQ\",\"https:\\\/\\\/www.instagram.com\\\/fanfaresimilicuivres\\\/\"]}]}<\/script>\n<!-- \/ Yoast SEO plugin. -->","yoast_head_json":{"title":"Contact Fanfare Brest | Nous contacter | Fanfare Simili-Cuivres","description":"CONTACT FANFARE SIMILI-CUIVRES BREST par mail contact@simili-cuivres.fr ou contact t\u00e9l\u00e9phonique 07.50.26.29.23 formulaire de contact \u00e0 remplir","robots":{"index":"index","follow":"follow","max-snippet":"max-snippet:-1","max-image-preview":"max-image-preview:large","max-video-preview":"max-video-preview:-1"},"canonical":"https:\/\/simili-cuivres.fr\/wp\/contact-fanfare-brest-simili-cuivres\/","og_locale":"fr_FR","og_type":"article","og_title":"Contact Fanfare Brest | Nous contacter | Fanfare Simili-Cuivres","og_description":"CONTACT FANFARE SIMILI-CUIVRES BREST par mail contact@simili-cuivres.fr ou contact t\u00e9l\u00e9phonique 07.50.26.29.23 formulaire de contact \u00e0 remplir","og_url":"https:\/\/simili-cuivres.fr\/wp\/contact-fanfare-brest-simili-cuivres\/","og_site_name":"Fanfare Simili-Cuivres","article_publisher":"https:\/\/www.facebook.com\/similicuivres\/","article_modified_time":"2026-02-26T18:18:14+00:00","og_image":[{"url":"https:\/\/simili-cuivres.fr\/wp\/wp-content\/uploads\/2025\/06\/Facebook_logo.png","type":"","width":"","height":""}],"twitter_card":"summary_large_image","twitter_misc":{"Dur\u00e9e de lecture estim\u00e9e":"2 minutes"},"schema":{"@context":"https:\/\/schema.org","@graph":[{"@type":"WebPage","@id":"https:\/\/simili-cuivres.fr\/wp\/contact-fanfare-brest-simili-cuivres\/","url":"https:\/\/simili-cuivres.fr\/wp\/contact-fanfare-brest-simili-cuivres\/","name":"Contact Fanfare Brest | Nous contacter | Fanfare Simili-Cuivres","isPartOf":{"@id":"https:\/\/simili-cuivres.fr\/wp\/#website"},"primaryImageOfPage":{"@id":"https:\/\/simili-cuivres.fr\/wp\/contact-fanfare-brest-simili-cuivres\/#primaryimage"},"image":{"@id":"https:\/\/simili-cuivres.fr\/wp\/contact-fanfare-brest-simili-cuivres\/#primaryimage"},"thumbnailUrl":"https:\/\/simili-cuivres.fr\/wp\/wp-content\/uploads\/2025\/06\/Facebook_logo.png","datePublished":"2016-10-07T08:50:30+00:00","dateModified":"2026-02-26T18:18:14+00:00","description":"CONTACT FANFARE SIMILI-CUIVRES BREST par mail contact@simili-cuivres.fr ou contact t\u00e9l\u00e9phonique 07.50.26.29.23 formulaire de contact \u00e0 remplir","breadcrumb":{"@id":"https:\/\/simili-cuivres.fr\/wp\/contact-fanfare-brest-simili-cuivres\/#breadcrumb"},"inLanguage":"fr-FR","potentialAction":[{"@type":"ReadAction","target":["https:\/\/simili-cuivres.fr\/wp\/contact-fanfare-brest-simili-cuivres\/"]}]},{"@type":"ImageObject","inLanguage":"fr-FR","@id":"https:\/\/simili-cuivres.fr\/wp\/contact-fanfare-brest-simili-cuivres\/#primaryimage","url":"https:\/\/i0.wp.com\/simili-cuivres.fr\/wp\/wp-content\/uploads\/2025\/06\/Facebook_logo.png?fit=960%2C960&ssl=1","contentUrl":"https:\/\/i0.wp.com\/simili-cuivres.fr\/wp\/wp-content\/uploads\/2025\/06\/Facebook_logo.png?fit=960%2C960&ssl=1","width":960,"height":960},{"@type":"BreadcrumbList","@id":"https:\/\/simili-cuivres.fr\/wp\/contact-fanfare-brest-simili-cuivres\/#breadcrumb","itemListElement":[{"@type":"ListItem","position":1,"name":"Accueil","item":"https:\/\/simili-cuivres.fr\/wp\/"},{"@type":"ListItem","position":2,"name":"Nous contacter"}]},{"@type":"WebSite","@id":"https:\/\/simili-cuivres.fr\/wp\/#website","url":"https:\/\/simili-cuivres.fr\/wp\/","name":"Fanfare Simili-Cuivres","description":"La fanfare \u00e0 l&#039;ouest !","publisher":{"@id":"https:\/\/simili-cuivres.fr\/wp\/#organization"},"potentialAction":[{"@type":"SearchAction","target":{"@type":"EntryPoint","urlTemplate":"https:\/\/simili-cuivres.fr\/wp\/?s={search_term_string}"},"query-input":{"@type":"PropertyValueSpecification","valueRequired":true,"valueName":"search_term_string"}}],"inLanguage":"fr-FR"},{"@type":"Organization","@id":"https:\/\/simili-cuivres.fr\/wp\/#organization","name":"Fanfare Simili-Cuivres","url":"https:\/\/simili-cuivres.fr\/wp\/","logo":{"@type":"ImageObject","inLanguage":"fr-FR","@id":"https:\/\/simili-cuivres.fr\/wp\/#\/schema\/logo\/image\/","url":"https:\/\/i2.wp.com\/simili-cuivres.fr\/wp\/wp-content\/uploads\/2016\/09\/logo.png?fit=512%2C506&ssl=1","contentUrl":"https:\/\/i2.wp.com\/simili-cuivres.fr\/wp\/wp-content\/uploads\/2016\/09\/logo.png?fit=512%2C506&ssl=1","width":512,"height":506,"caption":"Fanfare Simili-Cuivres"},"image":{"@id":"https:\/\/simili-cuivres.fr\/wp\/#\/schema\/logo\/image\/"},"sameAs":["https:\/\/www.facebook.com\/similicuivres\/","https:\/\/www.youtube.com\/channel\/UCCb8tbEsPQdxg99QktXFPgQ","https:\/\/www.instagram.com\/fanfaresimilicuivres\/"]}]}},"jetpack_sharing_enabled":true,"jetpack_shortlink":"https:\/\/wp.me\/P7XbXE-1j","_links":{"self":[{"href":"https:\/\/simili-cuivres.fr\/wp\/wp-json\/wp\/v2\/pages\/81","targetHints":{"allow":["GET"]}}],"collection":[{"href":"https:\/\/simili-cuivres.fr\/wp\/wp-json\/wp\/v2\/pages"}],"about":[{"href":"https:\/\/simili-cuivres.fr\/wp\/wp-json\/wp\/v2\/types\/page"}],"author":[{"embeddable":true,"href":"https:\/\/simili-cuivres.fr\/wp\/wp-json\/wp\/v2\/users\/1"}],"replies":[{"embeddable":true,"href":"https:\/\/simili-cuivres.fr\/wp\/wp-json\/wp\/v2\/comments?post=81"}],"version-history":[{"count":27,"href":"https:\/\/simili-cuivres.fr\/wp\/wp-json\/wp\/v2\/pages\/81\/revisions"}],"predecessor-version":[{"id":2775,"href":"https:\/\/simili-cuivres.fr\/wp\/wp-json\/wp\/v2\/pages\/81\/revisions\/2775"}],"wp:attachment":[{"href":"https:\/\/simili-cuivres.fr\/wp\/wp-json\/wp\/v2\/media?parent=81"}],"curies":[{"name":"wp","href":"https:\/\/api.w.org\/{rel}","templated":true}]}}